{"id":3325,"date":"2023-03-12T17:10:40","date_gmt":"2023-03-12T16:10:40","guid":{"rendered":"https:\/\/svfv2023.in-bearbeitung.ch\/?page_id=3325"},"modified":"2023-03-12T17:16:10","modified_gmt":"2023-03-12T16:16:10","slug":"portrait-svfv","status":"publish","type":"page","link":"https:\/\/svfv2023-01.in-bearbeitung.ch\/index.php\/portrait-svfv\/","title":{"rendered":"Portrait SVFV"},"content":{"rendered":"<div class=\"gb-container gb-container-abe5f57a\">\n<div class=\"gb-container gb-container-6e6789d7\">\n\n<h2 class=\"gb-headline gb-headline-37092228 gb-headline-text\">Allgemeine Informationen zum Verband<\/h2>\n\n\n\n<p>Der Verband bezweckt die Wahrung und F\u00f6rderung der Interessen, Rechte und des Ansehens der Schweizerischen Friedensrichter und Vermittler im In- und Ausland, insbesondere durch:<\/p>\n\n\n\n<ol class=\"wp-block-list\">\n<li>Massnahmen zur Verbesserung des Ansehens und der Positionierung der Friedensrichter- und Vermittler-Institution<\/li>\n\n\n\n<li>\u00d6ffentlichkeitsarbeit und Bekanntmachung der Leistungen seiner Mitglieder und deren Auswirkungen<\/li>\n\n\n\n<li>Aufbau und Pflege eines nationalen und internationalen Netzwerks zur F\u00f6rderung der Interessen seiner Mitglieder<\/li>\n\n\n\n<li>F\u00f6rderung der Aus- und Weiterbildung der Mitglieder<\/li>\n\n\n\n<li>Erfahrungsaustausch, Vertiefung der Zusammenarbeit und der freundschaftlichen Beziehungen unter den Mitgliedern<\/li>\n\n\n\n<li>Mitwirkung und Unterst\u00fctzung bei relevanten kantonalen und eidgen\u00f6ssischen Vernehmlassungen und Gesetzes\u00e4nderungen<\/li>\n\n\n\n<li>Vertretung der Friedensrichter und Vermittler gegen\u00fcber eidgen\u00f6ssischen Beh\u00f6rden sowie internationalen Organisationen<\/li>\n\n\n\n<li>Wahrung und F\u00f6rderung des Rechtsfriedens<\/li>\n<\/ol>\n\n\n\n<p>Der Verband ist parteipolitisch unabh\u00e4ngig und konfessionell neutral.<\/p>\n\n<\/div>\n<\/div>","protected":false},"excerpt":{"rendered":"<p>Allgemeine Informationen zum Verband Der Verband bezweckt die Wahrung und F\u00f6rderung der Interessen, Rechte und des Ansehens der Schweizerischen Friedensrichter und Vermittler &#8230; <\/p>\n<p class=\"read-more-container\"><a title=\"Portrait SVFV\" class=\"read-more button\" href=\"https:\/\/svfv2023-01.in-bearbeitung.ch\/index.php\/portrait-svfv\/#more-3325\" aria-label=\"Mehr zu Portrait SVFV\">Weiterlesen<\/a><\/p>\n","protected":false},"author":1,"featured_media":0,"parent":0,"menu_order":0,"comment_status":"closed","ping_status":"closed","template":"","meta":{"ub_ctt_via":"","_coblocks_attr":"","_coblocks_dimensions":"","_coblocks_responsive_height":"","_coblocks_accordion_ie_support":"","footnotes":""},"class_list":["post-3325","page","type-page","status-publish"],"featured_image_src":null,"_links":{"self":[{"href":"https:\/\/svfv2023-01.in-bearbeitung.ch\/index.php\/wp-json\/wp\/v2\/pages\/3325","targetHints":{"allow":["GET"]}}],"collection":[{"href":"https:\/\/svfv2023-01.in-bearbeitung.ch\/index.php\/wp-json\/wp\/v2\/pages"}],"about":[{"href":"https:\/\/svfv2023-01.in-bearbeitung.ch\/index.php\/wp-json\/wp\/v2\/types\/page"}],"author":[{"embeddable":true,"href":"https:\/\/svfv2023-01.in-bearbeitung.ch\/index.php\/wp-json\/wp\/v2\/users\/1"}],"replies":[{"embeddable":true,"href":"https:\/\/svfv2023-01.in-bearbeitung.ch\/index.php\/wp-json\/wp\/v2\/comments?post=3325"}],"version-history":[{"count":3,"href":"https:\/\/svfv2023-01.in-bearbeitung.ch\/index.php\/wp-json\/wp\/v2\/pages\/3325\/revisions"}],"predecessor-version":[{"id":3335,"href":"https:\/\/svfv2023-01.in-bearbeitung.ch\/index.php\/wp-json\/wp\/v2\/pages\/3325\/revisions\/3335"}],"wp:attachment":[{"href":"https:\/\/svfv2023-01.in-bearbeitung.ch\/index.php\/wp-json\/wp\/v2\/media?parent=3325"}],"curies":[{"name":"wp","href":"https:\/\/api.w.org\/{rel}","templated":true}]}}