{"id":3022,"date":"2023-02-21T15:01:47","date_gmt":"2023-02-21T14:01:47","guid":{"rendered":"https:\/\/svfv2023.wpcomstaging.com\/?page_id=3022"},"modified":"2023-03-11T15:54:01","modified_gmt":"2023-03-11T14:54:01","slug":"auskuenfte","status":"publish","type":"page","link":"https:\/\/svfv2023-01.in-bearbeitung.ch\/index.php\/ich-suche-recht\/auskuenfte\/","title":{"rendered":"Ausk\u00fcnfte"},"content":{"rendered":"\n<p>Die Friedensrichter sind auch Ansprechpersonen f\u00fcr allgemeine Ausk\u00fcnfte \u00fcber Fragen, die das Vorgehen bei zivilrechtlichen Klagen betreffen.<\/p>\n\n\n\n<p>Rechtliche Ausk\u00fcnfte erteilen Ihnen unentgeltliche Rechtsauskunftsstellen oder Juristen.<\/p>\n","protected":false},"excerpt":{"rendered":"<p>Die Friedensrichter sind auch Ansprechpersonen f\u00fcr allgemeine Ausk\u00fcnfte \u00fcber Fragen, die das Vorgehen bei zivilrechtlichen Klagen betreffen. Rechtliche Ausk\u00fcnfte erteilen Ihnen unentgeltliche &#8230; <\/p>\n<p class=\"read-more-container\"><a title=\"Ausk\u00fcnfte\" class=\"read-more button\" href=\"https:\/\/svfv2023-01.in-bearbeitung.ch\/index.php\/ich-suche-recht\/auskuenfte\/#more-3022\" aria-label=\"Mehr zu Ausk\u00fcnfte\">Weiterlesen<\/a><\/p>\n","protected":false},"author":1,"featured_media":0,"parent":3013,"menu_order":0,"comment_status":"closed","ping_status":"closed","template":"","meta":{"ub_ctt_via":"","_coblocks_attr":"","_coblocks_dimensions":"","_coblocks_responsive_height":"","_coblocks_accordion_ie_support":"","footnotes":""},"class_list":["post-3022","page","type-page","status-publish"],"featured_image_src":null,"_links":{"self":[{"href":"https:\/\/svfv2023-01.in-bearbeitung.ch\/index.php\/wp-json\/wp\/v2\/pages\/3022","targetHints":{"allow":["GET"]}}],"collection":[{"href":"https:\/\/svfv2023-01.in-bearbeitung.ch\/index.php\/wp-json\/wp\/v2\/pages"}],"about":[{"href":"https:\/\/svfv2023-01.in-bearbeitung.ch\/index.php\/wp-json\/wp\/v2\/types\/page"}],"author":[{"embeddable":true,"href":"https:\/\/svfv2023-01.in-bearbeitung.ch\/index.php\/wp-json\/wp\/v2\/users\/1"}],"replies":[{"embeddable":true,"href":"https:\/\/svfv2023-01.in-bearbeitung.ch\/index.php\/wp-json\/wp\/v2\/comments?post=3022"}],"version-history":[{"count":1,"href":"https:\/\/svfv2023-01.in-bearbeitung.ch\/index.php\/wp-json\/wp\/v2\/pages\/3022\/revisions"}],"predecessor-version":[{"id":3277,"href":"https:\/\/svfv2023-01.in-bearbeitung.ch\/index.php\/wp-json\/wp\/v2\/pages\/3022\/revisions\/3277"}],"up":[{"embeddable":true,"href":"https:\/\/svfv2023-01.in-bearbeitung.ch\/index.php\/wp-json\/wp\/v2\/pages\/3013"}],"wp:attachment":[{"href":"https:\/\/svfv2023-01.in-bearbeitung.ch\/index.php\/wp-json\/wp\/v2\/media?parent=3022"}],"curies":[{"name":"wp","href":"https:\/\/api.w.org\/{rel}","templated":true}]}}