{"id":3019,"date":"2023-02-21T15:01:23","date_gmt":"2023-02-21T14:01:23","guid":{"rendered":"https:\/\/svfv2023.wpcomstaging.com\/?page_id=3019"},"modified":"2023-03-11T15:53:48","modified_gmt":"2023-03-11T14:53:48","slug":"gebuehren","status":"publish","type":"page","link":"https:\/\/svfv2023-01.in-bearbeitung.ch\/index.php\/ich-suche-recht\/gebuehren\/","title":{"rendered":"Geb\u00fchren"},"content":{"rendered":"\n<p>Generell sind s\u00e4mtliche Klagen geb\u00fchrenpflichtig. Die Geb\u00fchren f\u00fcr die Schlichtungsverfahren sind im Vergleich zu den Geb\u00fchren bei Gericht gering. Die Kantone erlassen eigene Geb\u00fchrenverordnungen.<\/p>\n\n\n\n<p>Arbeitsrechtliche Klagen sind bis zu einer Forderungssumme von CHF 30\u2018000.00 geb\u00fchrenfrei. H\u00f6here Forderungen unterstehen der Geb\u00fchrenverordnung.<\/p>\n","protected":false},"excerpt":{"rendered":"<p>Generell sind s\u00e4mtliche Klagen geb\u00fchrenpflichtig. Die Geb\u00fchren f\u00fcr die Schlichtungsverfahren sind im Vergleich zu den Geb\u00fchren bei Gericht gering. Die Kantone erlassen &#8230; <\/p>\n<p class=\"read-more-container\"><a title=\"Geb\u00fchren\" class=\"read-more button\" href=\"https:\/\/svfv2023-01.in-bearbeitung.ch\/index.php\/ich-suche-recht\/gebuehren\/#more-3019\" aria-label=\"Mehr zu Geb\u00fchren\">Weiterlesen<\/a><\/p>\n","protected":false},"author":1,"featured_media":0,"parent":3013,"menu_order":0,"comment_status":"closed","ping_status":"closed","template":"","meta":{"ub_ctt_via":"","_coblocks_attr":"","_coblocks_dimensions":"","_coblocks_responsive_height":"","_coblocks_accordion_ie_support":"","footnotes":""},"class_list":["post-3019","page","type-page","status-publish"],"featured_image_src":null,"_links":{"self":[{"href":"https:\/\/svfv2023-01.in-bearbeitung.ch\/index.php\/wp-json\/wp\/v2\/pages\/3019","targetHints":{"allow":["GET"]}}],"collection":[{"href":"https:\/\/svfv2023-01.in-bearbeitung.ch\/index.php\/wp-json\/wp\/v2\/pages"}],"about":[{"href":"https:\/\/svfv2023-01.in-bearbeitung.ch\/index.php\/wp-json\/wp\/v2\/types\/page"}],"author":[{"embeddable":true,"href":"https:\/\/svfv2023-01.in-bearbeitung.ch\/index.php\/wp-json\/wp\/v2\/users\/1"}],"replies":[{"embeddable":true,"href":"https:\/\/svfv2023-01.in-bearbeitung.ch\/index.php\/wp-json\/wp\/v2\/comments?post=3019"}],"version-history":[{"count":1,"href":"https:\/\/svfv2023-01.in-bearbeitung.ch\/index.php\/wp-json\/wp\/v2\/pages\/3019\/revisions"}],"predecessor-version":[{"id":3276,"href":"https:\/\/svfv2023-01.in-bearbeitung.ch\/index.php\/wp-json\/wp\/v2\/pages\/3019\/revisions\/3276"}],"up":[{"embeddable":true,"href":"https:\/\/svfv2023-01.in-bearbeitung.ch\/index.php\/wp-json\/wp\/v2\/pages\/3013"}],"wp:attachment":[{"href":"https:\/\/svfv2023-01.in-bearbeitung.ch\/index.php\/wp-json\/wp\/v2\/media?parent=3019"}],"curies":[{"name":"wp","href":"https:\/\/api.w.org\/{rel}","templated":true}]}}