{"id":3017,"date":"2023-02-21T15:01:09","date_gmt":"2023-02-21T14:01:09","guid":{"rendered":"https:\/\/svfv2023.wpcomstaging.com\/?page_id=3017"},"modified":"2023-03-11T15:25:46","modified_gmt":"2023-03-11T14:25:46","slug":"klagearten","status":"publish","type":"page","link":"https:\/\/svfv2023-01.in-bearbeitung.ch\/index.php\/ich-suche-recht\/klagearten\/","title":{"rendered":"Klagearten"},"content":{"rendered":"<div class=\"wp-block-ub-content-toggle wp-block-ub-content-toggle-block\" id=\"ub-content-toggle-block-7baa8470-050b-40f9-82be-872a2904dd64\" data-mobilecollapse=\"true\" data-desktopcollapse=\"false\" data-preventcollapse=\"false\" data-showonlyone=\"true\">\n<div class=\"wp-block-ub-content-toggle-accordion\" style=\"border-color: #f1f1f1;\" id=\"ub-content-toggle-panel-block-\">\n\t\t\t<div class=\"wp-block-ub-content-toggle-accordion-title-wrap\" style=\"background-color: #f1f1f1;\" aria-controls=\"ub-content-toggle-panel-0-7baa8470-050b-40f9-82be-872a2904dd64\" tabindex=\"0\">\n\t\t\t<h2 class=\"wp-block-ub-content-toggle-accordion-title ub-content-toggle-title-7baa8470-050b-40f9-82be-872a2904dd64\" style=\"color: #000000; \">Forderungsklagen \/ Konsumentenstreitigkeiten<\/h2>\n\t\t\t<div class=\"wp-block-ub-content-toggle-accordion-toggle-wrap right\" style=\"color: #000000;\"><span class=\"wp-block-ub-content-toggle-accordion-state-indicator wp-block-ub-chevron-down open\"><\/span><\/div>\n\t\t<\/div>\n\t\t\t<div role=\"region\" aria-expanded=\"true\" class=\"wp-block-ub-content-toggle-accordion-content-wrap\" id=\"ub-content-toggle-panel-0-7baa8470-050b-40f9-82be-872a2904dd64\">\n\n<h3 class=\"gb-headline gb-headline-12d67069 gb-headline-text\" id=\"0-wo-ist-die-klage-einzureichen\">Wo ist die Klage einzureichen?<\/h3>\n\n\n\n<p>Soweit nicht ein besonderer Gerichtsstand vereinbart wurde, sind Klagen am Wohnsitz der beklagten Partei \u2013 gegen juristische Personen an deren Sitz \u2013 zu erheben.<\/p>\n\n\n\n<p>Bei konsumentenrechtlichen Klagen kann der Konsument als Kl\u00e4ger w\u00e4hlen, ob die Klage an seinem eigenen Wohnsitz oder am Wohnsitz \/ Sitz der beklagten Partei einreichen will.<\/p>\n\n\n\n<h3 class=\"gb-headline gb-headline-2f9c1509 gb-headline-text\" id=\"1-vorgehen\">Vorgehen<\/h3>\n\n\n\n<p>Das Formular \u201eSchlichtungsgesuch\u201c muss vollst\u00e4ndig ausgef\u00fcllt und im Doppel eingereicht werden. Das Formular ist original zu unterschreiben und per Post oder pers\u00f6nlich einzureichen.<\/p>\n\n\n\n<p>Falls bereits eine Betreibung eingeleitet wurde, ist eine Kopie des Zahlungsbefehls beizulegen.<\/p>\n\n\n\n<p>Weitere Beilagen: Belege wie Bestellung, Rechnung, Mahnungen, Korrespondenz etc.<br>Das Formular \u201eSchlichtungsgesuch\u201c finden Sie auf der Frontseite unter \u201eFormulare und Gesetze\u201c<\/p>\n\n<\/div>\n\t\t<\/div>\n\n<div class=\"wp-block-ub-content-toggle-accordion\" style=\"border-color: #f1f1f1;\" id=\"ub-content-toggle-panel-block-\">\n\t\t\t<div class=\"wp-block-ub-content-toggle-accordion-title-wrap\" style=\"background-color: #f1f1f1;\" aria-controls=\"ub-content-toggle-panel-1-7baa8470-050b-40f9-82be-872a2904dd64\" tabindex=\"0\">\n\t\t\t<h2 class=\"wp-block-ub-content-toggle-accordion-title ub-content-toggle-title-7baa8470-050b-40f9-82be-872a2904dd64\" style=\"color: #000000; \">Arbeitsrechtliche Klagen<\/h2>\n\t\t\t<div class=\"wp-block-ub-content-toggle-accordion-toggle-wrap right\" style=\"color: #000000;\"><span class=\"wp-block-ub-content-toggle-accordion-state-indicator wp-block-ub-chevron-down\"><\/span><\/div>\n\t\t<\/div>\n\t\t\t<div role=\"region\" aria-expanded=\"false\" class=\"wp-block-ub-content-toggle-accordion-content-wrap ub-hide\" id=\"ub-content-toggle-panel-1-7baa8470-050b-40f9-82be-872a2904dd64\">\n\n<p>Soweit nicht ein besonderer Gerichtsstand vereinbart wurde, sind Klagen am Wohnsitz der beklagten Partei \u2013 gegen juristische Personen an deren Sitz \u2013 zu erheben. Sie k\u00f6nnen auch am Ort, an dem der Arbeitnehmer gew\u00f6hnlich bzw. haupts\u00e4chlich seine Arbeit verrichtete, eingeleitet werden.<\/p>\n\n\n\n<h3 class=\"gb-headline gb-headline-33ff59a5 gb-headline-text\">Vorgehen<\/h3>\n\n\n\n<p>Das Formular \u201eSchlichtungsgesuch f\u00fcr arbeitsrechtliche Streitigkeiten\u201c muss vollst\u00e4ndig ausgef\u00fcllt und im Doppel eingereicht werden. Das Formular ist original zu unterschreiben und per Post oder pers\u00f6nlich einzureichen.<\/p>\n\n\n\n<p>In einigen Kantonen gibt es f\u00fcr arbeitsrechtliche Klagen parit\u00e4tische Schlichtungsbeh\u00f6rden, so dass die Zust\u00e4ndigkeit des Friedensrichters entf\u00e4llt.<\/p>\n\n\n\n<p>Nebst den \u00fcblichen Angaben auf der Seite 1 sind besonders die einzelnen Positionen auf Seite 2 detailliert einzutragen. Auf der Seite 3 sind evtl. weitere Forderungen wie Arbeitszeugnis, Lohnabrechnung etc. einzutragen.<\/p>\n\n\n\n<p>Falls bereits eine Betreibung eingeleitet wurde, so ist der Zahlungsbefehl beizulegen.<\/p>\n\n\n\n<p>Weitere Beilagen: Kopie Arbeitsvertrag, letzte Lohnabrechnung, Arbeitszeugnis, Korrespondenz etc.<\/p>\n\n\n\n<p>Das Formular \u201eSchlichtungsgesuch f\u00fcr arbeitsrechtliche Streitigkeiten\u201c finden Sie auf der Frontseite unter \u201eFormulare und Gesetze\u201c<\/p>\n\n<\/div>\n\t\t<\/div>\n\n<div class=\"wp-block-ub-content-toggle-accordion\" style=\"border-color: #f1f1f1;\" id=\"ub-content-toggle-panel-block-\">\n\t\t\t<div class=\"wp-block-ub-content-toggle-accordion-title-wrap\" style=\"background-color: #f1f1f1;\" aria-controls=\"ub-content-toggle-panel-2-7baa8470-050b-40f9-82be-872a2904dd64\" tabindex=\"0\">\n\t\t\t<h2 class=\"wp-block-ub-content-toggle-accordion-title ub-content-toggle-title-7baa8470-050b-40f9-82be-872a2904dd64\" style=\"color: #000000; \">Familienrechtliche Klagen<\/h2>\n\t\t\t<div class=\"wp-block-ub-content-toggle-accordion-toggle-wrap right\" style=\"color: #000000;\"><span class=\"wp-block-ub-content-toggle-accordion-state-indicator wp-block-ub-chevron-down\"><\/span><\/div>\n\t\t<\/div>\n\t\t\t<div role=\"region\" aria-expanded=\"false\" class=\"wp-block-ub-content-toggle-accordion-content-wrap ub-hide\" id=\"ub-content-toggle-panel-2-7baa8470-050b-40f9-82be-872a2904dd64\">\n\n<p>Ein Schlichtungsverfahren beim Friedensrichter kann nur bei Unterhaltsklagen von m\u00fcndigen und unm\u00fcndigen Kindern eingeleitet werden.<\/p>\n\n\n\n<p>Alle anderen familienrechtlichen Klagen (Scheidungsklage, Unterhaltsklage, Eheschutzbegehren, Personenstandsklage) sind direkt beim zust\u00e4ndigen Gericht einzureichen.<\/p>\n\n\n\n<p>Das Formular \u201eSchlichtungsgesuch\u201c finden Sie auf der Frontseite unter \u201eFormulare und Gesetze\u201c<\/p>\n\n<\/div>\n\t\t<\/div>\n\n<div class=\"wp-block-ub-content-toggle-accordion\" style=\"border-color: #f1f1f1;\" id=\"ub-content-toggle-panel-block-\">\n\t\t\t<div class=\"wp-block-ub-content-toggle-accordion-title-wrap\" style=\"background-color: #f1f1f1;\" aria-controls=\"ub-content-toggle-panel-3-7baa8470-050b-40f9-82be-872a2904dd64\" tabindex=\"0\">\n\t\t\t<h2 class=\"wp-block-ub-content-toggle-accordion-title ub-content-toggle-title-7baa8470-050b-40f9-82be-872a2904dd64\" style=\"color: #000000; \">Nachbarschaftsklagen<\/h2>\n\t\t\t<div class=\"wp-block-ub-content-toggle-accordion-toggle-wrap right\" style=\"color: #000000;\"><span class=\"wp-block-ub-content-toggle-accordion-state-indicator wp-block-ub-chevron-down\"><\/span><\/div>\n\t\t<\/div>\n\t\t\t<div role=\"region\" aria-expanded=\"false\" class=\"wp-block-ub-content-toggle-accordion-content-wrap ub-hide\" id=\"ub-content-toggle-panel-3-7baa8470-050b-40f9-82be-872a2904dd64\">\n\n<h3 class=\"gb-headline gb-headline-f1dd8449 gb-headline-text\">Wo ist die Klage einzureichen?<\/h3>\n\n\n\n<p>Bei Klagen in Nachbarschaftsstreitigkeiten (z.B. wegen L\u00e4rm, Immissionen, Str\u00e4uchern, B\u00e4umen und Bauten, Grenzabst\u00e4nden, etc.) ist ein Schlichtungsgesuch beim Friedensrichteramt am Wohnort der beklagten Partei einzureichen.<br>Das Formular \u201eSchlichtungsgesuch\u201c finden Sie auf der Frontseite unter \u201eFormulare und Gesetze\u201c.<\/p>\n\n<\/div>\n\t\t<\/div>\n\n<div class=\"wp-block-ub-content-toggle-accordion\" style=\"border-color: #f1f1f1;\" id=\"ub-content-toggle-panel-block-\">\n\t\t\t<div class=\"wp-block-ub-content-toggle-accordion-title-wrap\" style=\"background-color: #f1f1f1;\" aria-controls=\"ub-content-toggle-panel-4-7baa8470-050b-40f9-82be-872a2904dd64\" tabindex=\"0\">\n\t\t\t<h2 class=\"wp-block-ub-content-toggle-accordion-title ub-content-toggle-title-7baa8470-050b-40f9-82be-872a2904dd64\" style=\"color: #000000; \">Erbrechtliche Klagen<\/h2>\n\t\t\t<div class=\"wp-block-ub-content-toggle-accordion-toggle-wrap right\" style=\"color: #000000;\"><span class=\"wp-block-ub-content-toggle-accordion-state-indicator wp-block-ub-chevron-down\"><\/span><\/div>\n\t\t<\/div>\n\t\t\t<div role=\"region\" aria-expanded=\"false\" class=\"wp-block-ub-content-toggle-accordion-content-wrap ub-hide\" id=\"ub-content-toggle-panel-4-7baa8470-050b-40f9-82be-872a2904dd64\">\n\n<h3 class=\"gb-headline gb-headline-b92ea34c gb-headline-text\">Wo ist die Klage einzureichen?<\/h3>\n\n\n\n<p>Testamentsanfechtungen, Klagen auf Herabsetzung, Teilung etc. sind beim Friedensrichteramt der Gemeinde des letzten Wohnsitzes des Erblassers einzuleiten.<\/p>\n\n\n\n<p>Das Formular \u201eSchlichtungsgesuch\u201c finden Sie auf der Frontseite unter \u201eFormulare und Gesetze\u201c<\/p>\n\n<\/div>\n\t\t<\/div>\n\n<div class=\"wp-block-ub-content-toggle-accordion\" style=\"border-color: #f1f1f1;\" id=\"ub-content-toggle-panel-block-\">\n\t\t\t<div class=\"wp-block-ub-content-toggle-accordion-title-wrap\" style=\"background-color: #f1f1f1;\" aria-controls=\"ub-content-toggle-panel-5-7baa8470-050b-40f9-82be-872a2904dd64\" tabindex=\"0\">\n\t\t\t<h2 class=\"wp-block-ub-content-toggle-accordion-title ub-content-toggle-title-7baa8470-050b-40f9-82be-872a2904dd64\" style=\"color: #000000; \">Stockwerkeigent\u00fcmer-Streitigkeiten<\/h2>\n\t\t\t<div class=\"wp-block-ub-content-toggle-accordion-toggle-wrap right\" style=\"color: #000000;\"><span class=\"wp-block-ub-content-toggle-accordion-state-indicator wp-block-ub-chevron-down\"><\/span><\/div>\n\t\t<\/div>\n\t\t\t<div role=\"region\" aria-expanded=\"false\" class=\"wp-block-ub-content-toggle-accordion-content-wrap ub-hide\" id=\"ub-content-toggle-panel-5-7baa8470-050b-40f9-82be-872a2904dd64\">\n\n<p>Beschl\u00fcsse, die das Gesetz oder die Statuten verletzen, kann jedes Mitglied, das nicht zugestimmt hat, von Gesetzes wegen binnen Monatsfrist, nachdem es von ihnen Kenntnis erhalten hat, beim Gericht anfechten (Art. 75 ZGB).<\/p>\n\n\n\n<p>Das Formular \u201eSchlichtungsgesuch\u201c finden Sie auf der Frontseite unter \u201eFormulare und Gesetze\u201c.<\/p>\n\n<\/div>\n\t\t<\/div>\n\n<div class=\"wp-block-ub-content-toggle-accordion\" style=\"border-color: #f1f1f1;\" id=\"ub-content-toggle-panel-block-\">\n\t\t\t<div class=\"wp-block-ub-content-toggle-accordion-title-wrap\" style=\"background-color: #f1f1f1;\" aria-controls=\"ub-content-toggle-panel-6-7baa8470-050b-40f9-82be-872a2904dd64\" tabindex=\"0\">\n\t\t\t<h2 class=\"wp-block-ub-content-toggle-accordion-title ub-content-toggle-title-7baa8470-050b-40f9-82be-872a2904dd64\" style=\"color: #000000; \">Klagen aus Motorfahrzeug- und Fahrradunf\u00e4llen<\/h2>\n\t\t\t<div class=\"wp-block-ub-content-toggle-accordion-toggle-wrap right\" style=\"color: #000000;\"><span class=\"wp-block-ub-content-toggle-accordion-state-indicator wp-block-ub-chevron-down\"><\/span><\/div>\n\t\t<\/div>\n\t\t\t<div role=\"region\" aria-expanded=\"false\" class=\"wp-block-ub-content-toggle-accordion-content-wrap ub-hide\" id=\"ub-content-toggle-panel-6-7baa8470-050b-40f9-82be-872a2904dd64\">\n\n<p>Der Gerichtsstand ist der Unfallort.<\/p>\n\n\n\n<p>Das Formular \u201eSchlichtungsgesuch\u201c finden Sie auf der Frontseite unter \u201eFormulare und Gesetze\u201c<\/p>\n\n<\/div>\n\t\t<\/div>\n\n<div class=\"wp-block-ub-content-toggle-accordion\" style=\"border-color: #f1f1f1;\" id=\"ub-content-toggle-panel-block-\">\n\t\t\t<div class=\"wp-block-ub-content-toggle-accordion-title-wrap\" style=\"background-color: #f1f1f1;\" aria-controls=\"ub-content-toggle-panel-7-7baa8470-050b-40f9-82be-872a2904dd64\" tabindex=\"0\">\n\t\t\t<h2 class=\"wp-block-ub-content-toggle-accordion-title ub-content-toggle-title-7baa8470-050b-40f9-82be-872a2904dd64\" style=\"color: #000000; \">Klagen aus unerlaubter Handlung und ungerechtfertigter Bereicherung<\/h2>\n\t\t\t<div class=\"wp-block-ub-content-toggle-accordion-toggle-wrap right\" style=\"color: #000000;\"><span class=\"wp-block-ub-content-toggle-accordion-state-indicator wp-block-ub-chevron-down\"><\/span><\/div>\n\t\t<\/div>\n\t\t\t<div role=\"region\" aria-expanded=\"false\" class=\"wp-block-ub-content-toggle-accordion-content-wrap ub-hide\" id=\"ub-content-toggle-panel-7-7baa8470-050b-40f9-82be-872a2904dd64\">\n\n<p>Wer einem andern widerrechtlich Schaden zuf\u00fcgt, sei es mit Absicht, sei es aus Fahrl\u00e4ssigkeit, wird ihm zum Ersatze verpflichtet. Ebenso ist zum Ersatze verpflichtet, wer einem andern in einer gegen die guten Sitten verstossenden Weise absichtlich Schaden zuf\u00fcgt (Art. 41 OR).<\/p>\n\n\n\n<p>Das Formular \u201eSchlichtungsgesuch\u201c finden Sie auf der Frontseite unter \u201eFormulare und Gesetze\u201c<\/p>\n\n<\/div>\n\t\t<\/div>\n\n<div class=\"wp-block-ub-content-toggle-accordion\" style=\"border-color: #f1f1f1;\" id=\"ub-content-toggle-panel-block-\">\n\t\t\t<div class=\"wp-block-ub-content-toggle-accordion-title-wrap\" style=\"background-color: #f1f1f1;\" aria-controls=\"ub-content-toggle-panel-8-7baa8470-050b-40f9-82be-872a2904dd64\" tabindex=\"0\">\n\t\t\t<h2 class=\"wp-block-ub-content-toggle-accordion-title ub-content-toggle-title-7baa8470-050b-40f9-82be-872a2904dd64\" style=\"color: #000000; \">Pers\u00f6nlichkeitsverletzungen<\/h2>\n\t\t\t<div class=\"wp-block-ub-content-toggle-accordion-toggle-wrap right\" style=\"color: #000000;\"><span class=\"wp-block-ub-content-toggle-accordion-state-indicator wp-block-ub-chevron-down\"><\/span><\/div>\n\t\t<\/div>\n\t\t\t<div role=\"region\" aria-expanded=\"false\" class=\"wp-block-ub-content-toggle-accordion-content-wrap ub-hide\" id=\"ub-content-toggle-panel-8-7baa8470-050b-40f9-82be-872a2904dd64\">\n\n<p>Wer in seiner Pers\u00f6nlichkeit widerrechtlich verletzt wird, kann zu seinem Schutz gegen jeden, der an der Verletzung mitwirkt, das Gericht anrufen. Eine Verletzung ist widerrechtlich, wenn sie nicht durch Einwilligung des Verletzten, durch ein \u00fcberwiegendes privates oder \u00f6ffentliches Interesse oder durch Gesetz gerechtfertigt ist (Art. 28 ZGB).<\/p>\n\n\n\n<p>Das Formular \u201eSchlichtungsgesuch\u201c finden Sie auf der Frontseite unter \u201eFormulare und Gesetze\u201c<\/p>\n\n<\/div>\n\t\t<\/div>\n\n<div class=\"wp-block-ub-content-toggle-accordion\" style=\"border-color: #f1f1f1;\" id=\"ub-content-toggle-panel-block-\">\n\t\t\t<div class=\"wp-block-ub-content-toggle-accordion-title-wrap\" style=\"background-color: #f1f1f1;\" aria-controls=\"ub-content-toggle-panel-9-7baa8470-050b-40f9-82be-872a2904dd64\" tabindex=\"0\">\n\t\t\t<h2 class=\"wp-block-ub-content-toggle-accordion-title ub-content-toggle-title-7baa8470-050b-40f9-82be-872a2904dd64\" style=\"color: #000000; \">bestimmte Klagen im Zusammenhang mit dem Bundesgesetz \u00fcber Schuldbetreibung und Konkurs (SchKG) (Beseitigung des Rechtsvorschlages im ordentlichen Verfahren, R\u00fcckforderungen nach Art. 86 SchKG)<\/h2>\n\t\t\t<div class=\"wp-block-ub-content-toggle-accordion-toggle-wrap right\" style=\"color: #000000;\"><span class=\"wp-block-ub-content-toggle-accordion-state-indicator wp-block-ub-chevron-down\"><\/span><\/div>\n\t\t<\/div>\n\t\t\t<div role=\"region\" aria-expanded=\"false\" class=\"wp-block-ub-content-toggle-accordion-content-wrap ub-hide\" id=\"ub-content-toggle-panel-9-7baa8470-050b-40f9-82be-872a2904dd64\">\n\n<p>Das Formular \u201eSchlichtungsgesuch\u201c finden Sie auf der Frontseite unter \u201eFormulare und Gesetze\u201c<\/p>\n\n\n\n<p><strong>Rechts\u00f6ffnung <\/strong>stellt die gerichtliche Beseitigung der Sperrwirkung des Rechtsvorschlags dar. Der Rechtsvorschlag kann entweder in einem ordentlichen Zivilprozess oder im sog. Rechts\u00f6ffnungsverfahren beseitigt werden (Art. 79 ff. SchKG). Das Rechts\u00f6ffnungsverfahren hat gegen\u00fcber dem ordentlichen Zivilprozess den Vorteil, dass es in der Regel schneller und g\u00fcnstiger ist. Es kann jedoch nur eingeleitet werden, wenn die Gl\u00e4ubigerin oder der Gl\u00e4ubiger \u00fcber einen Rechts\u00f6ffnungstitel verf\u00fcgt.<\/p>\n\n\n\n<p>Rechts\u00f6ffnungstitel sind beispielsweise vollstreckbare Gerichtsurteile, in denen die Schuldnerin oder der Schuldner zur Zahlung einer Geldsumme an die Gl\u00e4ubigerin oder den Gl\u00e4ubiger verpflichtet wird, oder private Urkunden, in denen sich die Schuldnerin oder der Schuldner unterschriftlich verpflichtet, der Gl\u00e4ubigerin oder dem Gl\u00e4ubiger einen bestimmten Geldbetrag zu bezahlen. Das SchKG unterscheidet zwischen der definitiven und provisorischen Rechts\u00f6ffnung.<\/p>\n\n<\/div>\n\t\t<\/div>\n<\/div>","protected":false},"excerpt":{"rendered":"","protected":false},"author":1,"featured_media":0,"parent":3013,"menu_order":0,"comment_status":"closed","ping_status":"closed","template":"","meta":{"ub_ctt_via":"","_coblocks_attr":"","_coblocks_dimensions":"","_coblocks_responsive_height":"","_coblocks_accordion_ie_support":"","footnotes":""},"class_list":["post-3017","page","type-page","status-publish"],"featured_image_src":null,"_links":{"self":[{"href":"https:\/\/svfv2023-01.in-bearbeitung.ch\/index.php\/wp-json\/wp\/v2\/pages\/3017","targetHints":{"allow":["GET"]}}],"collection":[{"href":"https:\/\/svfv2023-01.in-bearbeitung.ch\/index.php\/wp-json\/wp\/v2\/pages"}],"about":[{"href":"https:\/\/svfv2023-01.in-bearbeitung.ch\/index.php\/wp-json\/wp\/v2\/types\/page"}],"author":[{"embeddable":true,"href":"https:\/\/svfv2023-01.in-bearbeitung.ch\/index.php\/wp-json\/wp\/v2\/users\/1"}],"replies":[{"embeddable":true,"href":"https:\/\/svfv2023-01.in-bearbeitung.ch\/index.php\/wp-json\/wp\/v2\/comments?post=3017"}],"version-history":[{"count":14,"href":"https:\/\/svfv2023-01.in-bearbeitung.ch\/index.php\/wp-json\/wp\/v2\/pages\/3017\/revisions"}],"predecessor-version":[{"id":3273,"href":"https:\/\/svfv2023-01.in-bearbeitung.ch\/index.php\/wp-json\/wp\/v2\/pages\/3017\/revisions\/3273"}],"up":[{"embeddable":true,"href":"https:\/\/svfv2023-01.in-bearbeitung.ch\/index.php\/wp-json\/wp\/v2\/pages\/3013"}],"wp:attachment":[{"href":"https:\/\/svfv2023-01.in-bearbeitung.ch\/index.php\/wp-json\/wp\/v2\/media?parent=3017"}],"curies":[{"name":"wp","href":"https:\/\/api.w.org\/{rel}","templated":true}]}}