{"id":3015,"date":"2023-02-21T15:00:47","date_gmt":"2023-02-21T14:00:47","guid":{"rendered":"https:\/\/svfv2023.wpcomstaging.com\/?page_id=3015"},"modified":"2023-03-11T14:42:44","modified_gmt":"2023-03-11T13:42:44","slug":"schlichtungsverfahren","status":"publish","type":"page","link":"https:\/\/svfv2023-01.in-bearbeitung.ch\/index.php\/ich-suche-recht\/schlichtungsverfahren\/","title":{"rendered":"Schlichtungsverfahren"},"content":{"rendered":"<div class=\"gb-container gb-container-18d4382d\">\n<div class=\"gb-container gb-container-2a6eee8b\">\n\n<p>In den meisten Kantonen sind es Friedensrichterinnen und Friedensrichter, die als erste Instanz die obligatorischen Schlichtungsverfahren durchf\u00fchren. Weitere Bezeichnungen je nach Kanton: Vermittler, Schlichtungsbeh\u00f6rde, Gemeinderichter.<br>Der Einfachheit halber wird nachfolgend der Begriff \u00abFriedensrichter\u00bb verwendet.<\/p>\n\n\n<div class=\"wp-block-ub-table-of-contents-block ub_table-of-contents\" id=\"ub_table-of-contents-e6723ded-d725-4acb-b58c-75a2cf8aed76\" data-linktodivider=\"false\" data-showtext=\"show\" data-hidetext=\"hide\" data-scrolltype=\"auto\" data-enablesmoothscroll=\"true\" data-initiallyhideonmobile=\"false\" data-initiallyshow=\"true\"><div class=\"ub_table-of-contents-header-container\" style=\"\">\n\t\t\t<div class=\"ub_table-of-contents-header\" style=\"text-align: left; \">\n\t\t\t\t<div class=\"ub_table-of-contents-title\"><\/div>\n\t\t\t\t\n\t\t\t<\/div>\n\t\t<\/div><div class=\"ub_table-of-contents-extra-container\" style=\"\">\n\t\t\t<div class=\"ub_table-of-contents-container ub_table-of-contents-1-column \">\n\t\t\t\t<ul style=\"\"><li style=\"\"><a href=\"https:\/\/svfv2023-01.in-bearbeitung.ch\/index.php\/ich-suche-recht\/schlichtungsverfahren\/#0-zust%C3%A4ndigkeiten-der-friedensrichter\" style=\"\">Zust\u00e4ndigkeiten der Friedensrichter<\/a><\/li><li style=\"\"><a href=\"https:\/\/svfv2023-01.in-bearbeitung.ch\/index.php\/ich-suche-recht\/schlichtungsverfahren\/#1-der-friedensrichter-ist-nicht-zust%C3%A4ndig-f%C3%BCr\" style=\"\">Der Friedensrichter ist nicht zust\u00e4ndig f\u00fcr<\/a><\/li><li style=\"\"><a href=\"https:\/\/svfv2023-01.in-bearbeitung.ch\/index.php\/ich-suche-recht\/schlichtungsverfahren\/#2-erledigung-des-schlichtungsverfahrens\" style=\"\">Erledigung des Schlichtungsverfahrens<\/a><\/li><li style=\"\"><a href=\"https:\/\/svfv2023-01.in-bearbeitung.ch\/index.php\/ich-suche-recht\/schlichtungsverfahren\/#3-wann-kann-auf-die-durchf%C3%BChrung-eines-schlichtungsverfahrens-verzichtet-werden\" style=\"\">Wann kann auf die Durchf\u00fchrung eines Schlichtungsverfahrens verzichtet werden?<\/a><\/li><\/ul>\n\t\t\t<\/div>\n\t\t<\/div><\/div>\n\n\n<h2 class=\"gb-headline gb-headline-6260024d gb-headline-text wp-block-heading\" id=\"0-zust%C3%A4ndigkeiten-der-friedensrichter\">Zust\u00e4ndigkeiten der Friedensrichter<\/h2>\n\n\n\n<p>Die Friedensrichter f\u00fchren als erste Instanz die obligatorischen Schlichtungsverfahren durch und leiten die Verhandlungen bei folgenden Klagen:<\/p>\n\n\n\n<ul class=\"wp-block-list\">\n<li><strong>Forderungsklagen\/Konsumentenstreitigkeiten<\/strong> (Streitigkeiten aus privaten und\/oder gesch\u00e4ftlichen Beziehungen aus Kaufvertrag, Auftrag, Werkvertrag, etc.)<\/li>\n\n\n\n<li><strong>Arbeitsrechtliche Klagen<\/strong> (Lohnzahlung, \u00dcberzeit, K\u00fcndigung, Arbeitszeugnis, etc.). In einigen Kantonen gibt es f\u00fcr arbeitsrechtliche Klagen parit\u00e4tische Schlichtungsbeh\u00f6rden, so dass die Zust\u00e4ndigkeit des Friedensrichters entf\u00e4llt.<\/li>\n\n\n\n<li><strong>Klagen aus Motorfahrzeug- und Fahrradunf\u00e4llen<\/strong><\/li>\n\n\n\n<li><strong>Stockwerkeigent\u00fcmer-Streitigkeiten<\/strong> (ebenso Strassengenossenschaften, etc.)<\/li>\n\n\n\n<li><strong>Klagen aus unerlaubter Handlung und ungerechtfertigter Bereicherung<\/strong><\/li>\n\n\n\n<li><strong>Unterhaltsklagen aus Familienrecht<\/strong><\/li>\n\n\n\n<li><strong>Erbrechtlichen Klagen<\/strong> (Testamentsanfechtungen, Erbteilungen, etc.)<\/li>\n\n\n\n<li><strong>Nachbarschaftsklagen <\/strong>(wegen L\u00e4rm, Immissionen, Str\u00e4uchern, B\u00e4umen und Bauten, Grenzabst\u00e4nden, etc.)<\/li>\n\n\n\n<li><strong>Pers\u00f6nlichkeitsverletzungen<\/strong><\/li>\n\n\n\n<li><strong>bestimmte Klagen im Zusammenhang mit dem Bundesgesetz \u00fcber Schuldbetreibung und Konkurs (SchKG)<\/strong> (Beseitigung des Rechtsvorschlages im ordentlichen Verfahren, R\u00fcckforderungen nach Art. 86 SchKG)<\/li>\n<\/ul>\n\n\n\n<p>Auf Antrag der kl\u00e4gerischen Partei kann der Friedensrichter anschliessend an die Schlichtungsverhandlung \u00fcber verm\u00f6gensrechtliche Streitigkeiten bis zu einem Streitwert von CHF 2&#8217;000.- in der Funktion als Einzelrichter endg\u00fcltig entscheiden. Bis zu einem Streitwert von CHF 5&#8217;000.- kann er den Parteien einen schriftlichen Urteilsvorschlag unterbreiten, der ohne Ablehnung einer Partei innert 20 Tagen in Rechtskraft erw\u00e4chst.<\/p>\n\n\n\n<h2 class=\"gb-headline gb-headline-a9e7cab6 gb-headline-text\" id=\"1-der-friedensrichter-ist-nicht-zust%C3%A4ndig-f%C3%BCr\">Der Friedensrichter ist <strong>nicht zust\u00e4ndig<\/strong> f\u00fcr<\/h2>\n\n\n\n<ul class=\"wp-block-list\">\n<li><strong>Scheidungs- und Trennungsklagen<\/strong><br>Klagen sind direkt beim zust\u00e4ndigen Bezirksgericht einzureichen.<\/li>\n\n\n\n<li><strong>Klagen Bauhandwerkerpfandrecht<\/strong><br>Klagen sind direkt beim zust\u00e4ndigen Bezirksgericht einzureichen.<\/li>\n\n\n\n<li><strong>Streitigkeiten zwischen Mietern und Vermietern<\/strong><br>Klagen sind direkt an die zust\u00e4ndige Schlichtungsbeh\u00f6rde in Miet- und Pachtsachen zu richten.<\/li>\n\n\n\n<li><strong>Ehrverletzungsklagen<\/strong><br>Klagen sind mittels Strafantrag bei der Polizei oder der Staatsanwaltschaft einzureichen.<\/li>\n<\/ul>\n\n\n\n<h2 class=\"gb-headline gb-headline-dc48f819 gb-headline-text\" id=\"2-erledigung-des-schlichtungsverfahrens\">Erledigung des Schlichtungsverfahrens<\/h2>\n\n\n\n<p>Im Schlichtungsverfahren kann die Klage durch R\u00fcckzug der klagenden Partei, durch Anerkennung der beklagten Partei oder durch Vergleich erledigt werden. Kommt keine Einigung zustande, kann die Schlichtungsbeh\u00f6rde auf Antrag der klagenden Partei bis zu einem Streitwert von CHF 2&#8217;000.- ein Urteil f\u00e4llen und bis zu einem Streitwert von CHF 5\u2018000.- einen Urteilsvorschlag unterbreiten.<\/p>\n\n\n\n<p>Wenn sich die Parteien nicht einigen k\u00f6nnen, stellt der Friedensrichter die Klagebewilligung aus. Innert drei Monaten kann damit beim Gericht eine Klage eingereicht werden<\/p>\n\n\n\n<p>R\u00fcckzug: Hier ist zu beachten, dass es zwischen vorbehaltlosem R\u00fcckzug und R\u00fcckzug unter Vorbehalt zu unterscheiden gilt. Wenn die Klage \u00abohne Vorbehalt der Wiedereinbringung\u00bb zur\u00fcckgezogen wird, ist die Sache abgeurteilt.<\/p>\n\n\n\n<h2 class=\"gb-headline gb-headline-d8609eb2 gb-headline-text\" id=\"3-wann-kann-auf-die-durchf%C3%BChrung-eines-schlichtungsverfahrens-verzichtet-werden\">Wann kann auf die Durchf\u00fchrung eines Schlichtungsverfahrens verzichtet werden?<\/h2>\n\n\n\n<p>Gemeinsamer Verzicht bei verm\u00f6gensrechtlichen Streitigkeiten mit einem Streitwert von mindestens CHF 100\u2019000.- (Art. 199 ZPO).<br>Einseitiger Verzicht der klagenden Partei bei:<\/p>\n\n\n\n<ul class=\"wp-block-list\">\n<li>Wohnsitz\/Sitz der beklagten Partei im Ausland<\/li>\n\n\n\n<li>Wohnsitz\/Sitz der beklagten Partei unbekannt<\/li>\n\n\n\n<li>Streitigkeiten nach dem Gleichstellungsgesetz vom 24.3.1995<\/li>\n<\/ul>\n\n<\/div>\n<\/div>","protected":false},"excerpt":{"rendered":"<p>In den meisten Kantonen sind es Friedensrichterinnen und Friedensrichter, die als erste Instanz die obligatorischen Schlichtungsverfahren durchf\u00fchren. Weitere Bezeichnungen je nach Kanton: &#8230; <\/p>\n<p class=\"read-more-container\"><a title=\"Schlichtungsverfahren\" class=\"read-more button\" href=\"https:\/\/svfv2023-01.in-bearbeitung.ch\/index.php\/ich-suche-recht\/schlichtungsverfahren\/#more-3015\" aria-label=\"Mehr zu Schlichtungsverfahren\">Weiterlesen<\/a><\/p>\n","protected":false},"author":1,"featured_media":0,"parent":3013,"menu_order":0,"comment_status":"closed","ping_status":"closed","template":"","meta":{"ub_ctt_via":"","_coblocks_attr":"","_coblocks_dimensions":"","_coblocks_responsive_height":"","_coblocks_accordion_ie_support":"","footnotes":""},"class_list":["post-3015","page","type-page","status-publish"],"featured_image_src":null,"_links":{"self":[{"href":"https:\/\/svfv2023-01.in-bearbeitung.ch\/index.php\/wp-json\/wp\/v2\/pages\/3015","targetHints":{"allow":["GET"]}}],"collection":[{"href":"https:\/\/svfv2023-01.in-bearbeitung.ch\/index.php\/wp-json\/wp\/v2\/pages"}],"about":[{"href":"https:\/\/svfv2023-01.in-bearbeitung.ch\/index.php\/wp-json\/wp\/v2\/types\/page"}],"author":[{"embeddable":true,"href":"https:\/\/svfv2023-01.in-bearbeitung.ch\/index.php\/wp-json\/wp\/v2\/users\/1"}],"replies":[{"embeddable":true,"href":"https:\/\/svfv2023-01.in-bearbeitung.ch\/index.php\/wp-json\/wp\/v2\/comments?post=3015"}],"version-history":[{"count":11,"href":"https:\/\/svfv2023-01.in-bearbeitung.ch\/index.php\/wp-json\/wp\/v2\/pages\/3015\/revisions"}],"predecessor-version":[{"id":3244,"href":"https:\/\/svfv2023-01.in-bearbeitung.ch\/index.php\/wp-json\/wp\/v2\/pages\/3015\/revisions\/3244"}],"up":[{"embeddable":true,"href":"https:\/\/svfv2023-01.in-bearbeitung.ch\/index.php\/wp-json\/wp\/v2\/pages\/3013"}],"wp:attachment":[{"href":"https:\/\/svfv2023-01.in-bearbeitung.ch\/index.php\/wp-json\/wp\/v2\/media?parent=3015"}],"curies":[{"name":"wp","href":"https:\/\/api.w.org\/{rel}","templated":true}]}}