{"id":2868,"date":"2022-11-23T18:53:17","date_gmt":"2022-11-23T17:53:17","guid":{"rendered":"https:\/\/svfv2023.wpcomstaging.com\/?page_id=2868"},"modified":"2023-03-12T17:11:53","modified_gmt":"2023-03-12T16:11:53","slug":"supportteam","status":"publish","type":"page","link":"https:\/\/svfv2023-01.in-bearbeitung.ch\/index.php\/portrait-svfv\/supportteam\/","title":{"rendered":"Supportteam"},"content":{"rendered":"<div id=\"awsm-team-3321\" class=\"awsm-grid-wrapper\">\n\t\t\t<div class=\"awsm-grid list-style style-1 grid-2-col \">\n\t\t\t\t\t\t<div id=\"awsm-member-3321-3316\" class=\"awsm-grid-card\">\n\t\t\t\t   <figure>\n\t\t\t\t\t\t <img decoding=\"async\" src=\"https:\/\/svfv2023-01.in-bearbeitung.ch\/wp-content\/plugins\/awsm-team\/images\/default-user.png\" alt=\"Pirmin Schwander\">\t\t\t\t\t\t <figcaption>\n\t\t\t\t\t\t\t<div class=\"awsm-personal-info\">\n\t\t\t\t\t\t\t   <h3>Pirmin Schwander<\/h3>\n\t\t\t\t\t\t\t   <span>Pr\u00e4sident Kommission f\u00fcr Rechtsfragen<\/span>\t\t\t\t\t\t\t<\/div> <!-- .awsm-personal-info -->\n\t\t\t\t\t\t\t<div class=\"awsm-contact-info\">\n\t\t\t\t\t\t\t\t\t\t\t\t\t\t\t<\/div> <!-- .awsm-contact-info -->\n\t\t\t\t\t\t <\/figcaption>\n\t\t\t\t\t  <!-- <\/span> -->\n\t\t\t\t   <\/figure>\n\t\t\t\t<\/div>\n\t\t\t\t\t\t\t<div id=\"awsm-member-3321-3317\" class=\"awsm-grid-card\">\n\t\t\t\t   <figure>\n\t\t\t\t\t\t <img decoding=\"async\" src=\"https:\/\/svfv2023-01.in-bearbeitung.ch\/wp-content\/plugins\/awsm-team\/images\/default-user.png\" alt=\"Beat Villiger\">\t\t\t\t\t\t <figcaption>\n\t\t\t\t\t\t\t<div class=\"awsm-personal-info\">\n\t\t\t\t\t\t\t   <h3>Beat Villiger<\/h3>\n\t\t\t\t\t\t\t   <span>Regierungsrat<\/span>\t\t\t\t\t\t\t<\/div> <!-- .awsm-personal-info -->\n\t\t\t\t\t\t\t<div class=\"awsm-contact-info\">\n\t\t\t\t\t\t\t\t\n<p>Mit Ihm hat der SVFV eine kompetente, zielgerichtete, \u00fcberzeugende und sympathische Pers\u00f6nlichkeit gewinnen k\u00f6nnen. Zudem ist er ein<br>anerkannter und ausgewiesener Politiker weit \u00fcber die Kantonsgrenzen hinaus.<br>Er vertritt unsere Anliegen auf kantonaler Ebene und vor allem im KKJPD.<\/p>\n\t\t\t\t\t\t\t<\/div> <!-- .awsm-contact-info -->\n\t\t\t\t\t\t <\/figcaption>\n\t\t\t\t\t  <!-- <\/span> -->\n\t\t\t\t   <\/figure>\n\t\t\t\t<\/div>\n\t\t\t\t\t\t\t<div id=\"awsm-member-3321-3318\" class=\"awsm-grid-card\">\n\t\t\t\t   <figure>\n\t\t\t\t\t\t <img decoding=\"async\" src=\"https:\/\/svfv2023-01.in-bearbeitung.ch\/wp-content\/plugins\/awsm-team\/images\/default-user.png\" alt=\"Christa Markwalder\">\t\t\t\t\t\t <figcaption>\n\t\t\t\t\t\t\t<div class=\"awsm-personal-info\">\n\t\t\t\t\t\t\t   <h3>Christa Markwalder<\/h3>\n\t\t\t\t\t\t\t   <span>Politik<\/span>\t\t\t\t\t\t\t<\/div> <!-- .awsm-personal-info -->\n\t\t\t\t\t\t\t<div class=\"awsm-contact-info\">\n\t\t\t\t\t\t\t\t\n<p>Frau Nationalr\u00e4tin Christa Markwalder vertritt die Anliegen der Schweizerischen Friedensrichter und Vermittler im Bundeshaus. Sie ist nicht nur kompetent, charmant, intelligent und in der \u00d6ffentlichkeit sehr bekannt, sondern sie ist auch in den f\u00fcr uns wichtigen Gremien und Kommissionen ein politisches Schwergewicht.<\/p>\n\t\t\t\t\t\t\t<\/div> <!-- .awsm-contact-info -->\n\t\t\t\t\t\t <\/figcaption>\n\t\t\t\t\t  <!-- <\/span> -->\n\t\t\t\t   <\/figure>\n\t\t\t\t<\/div>\n\t\t\t\t\t\t\t<div id=\"awsm-member-3321-3319\" class=\"awsm-grid-card\">\n\t\t\t\t   <figure>\n\t\t\t\t\t\t <img decoding=\"async\" src=\"https:\/\/svfv2023-01.in-bearbeitung.ch\/wp-content\/plugins\/awsm-team\/images\/default-user.png\" alt=\"Tanja Domej\">\t\t\t\t\t\t <figcaption>\n\t\t\t\t\t\t\t<div class=\"awsm-personal-info\">\n\t\t\t\t\t\t\t   <h3>Tanja Domej<\/h3>\n\t\t\t\t\t\t\t   <span>Rechtsberatung<\/span>\t\t\t\t\t\t\t<\/div> <!-- .awsm-personal-info -->\n\t\t\t\t\t\t\t<div class=\"awsm-contact-info\">\n\t\t\t\t\t\t\t\t\n<p>Wir freuen uns sehr, dass wir Friedensrichter durch eine sehr kompetente, versierte, sympathische und profilierte Pers\u00f6nlichkeit beraten und unterst\u00fctzt werden. Frau Prof. Dr. Tanja Domej hat den Lehrstuhl an der Universit\u00e4t Z\u00fcrich, unterst\u00fctzt den Vorstand des SVFV in rechtlichen Fragen und lehrt am CAS Friedensrichter.<br>Prof. Dr. Tanja Domej (Jahrgang 1977) ist Inhaberin des Lehrstuhls f\u00fcr Zivilprozessrecht, Schuldbetreibungs- und Konkursrecht, Privatrecht, internationales Privatrecht und Rechtsvergleichung an der Universit\u00e4t Z\u00fcrich. Sie studierte Rechtswissenschaften an der Universit\u00e4t Wien, wo sie 2005 auch zur Dr. iur. promoviert wurde. Seit 2003 war sie an der Universit\u00e4t Z\u00fcrich zun\u00e4chst als Assistentin, sp\u00e4ter als Oberassistentin t\u00e4tig. Ihre Habilitationsschrift (abgeschlossen 2011) behandelt Fragen des internationalen Zwangsvollstreckungsrechts. Vor der Berufung auf ihren Z\u00fcrcher Lehrstuhl lehrte Tanja Domej im akademischen Jahr 2010\/2011 als Vertretungsprofessorin an der Universit\u00e4t Halle-Wittenberg (Deutschland) und als Gastdozentin an der Universit\u00e4t Uppsala (Schweden).<\/p>\n\t\t\t\t\t\t\t<\/div> <!-- .awsm-contact-info -->\n\t\t\t\t\t\t <\/figcaption>\n\t\t\t\t\t  <!-- <\/span> -->\n\t\t\t\t   <\/figure>\n\t\t\t\t<\/div>\n\t\t\t\t\t\t\t<div id=\"awsm-member-3321-3320\" class=\"awsm-grid-card\">\n\t\t\t\t   <figure>\n\t\t\t\t\t\t <img decoding=\"async\" src=\"https:\/\/svfv2023-01.in-bearbeitung.ch\/wp-content\/plugins\/awsm-team\/images\/default-user.png\" alt=\"Dominik Gasser\">\t\t\t\t\t\t <figcaption>\n\t\t\t\t\t\t\t<div class=\"awsm-personal-info\">\n\t\t\t\t\t\t\t   <h3>Dominik Gasser<\/h3>\n\t\t\t\t\t\t\t   <span>Notariat + Advokatur<\/span>\t\t\t\t\t\t\t<\/div> <!-- .awsm-personal-info -->\n\t\t\t\t\t\t\t<div class=\"awsm-contact-info\">\n\t\t\t\t\t\t\t\t\n<p>Als sehr kompetenter, erfahrener und bekannter Dozent, Rechtsanwalt und Notar ber\u00e4t Dominik Gasser nicht nur den Vorstand des SVFV, sondern unterrichtet auch am CAS Friedensrichter.<br>Bundesamt f\u00fcr Justiz (1989-2008): Leitung der Bereiche Zivilprozessrecht sowie Schuldbetreibungs- und Konkursrecht; Mitglied der Expertenkommission Schweizerische Zivilprozessordnung; Leitung Vereinheitlichung des Zivilprozessrechts; Pr\u00e4sident der Expertengruppe Nachlassverfahren; Leitung Oberaufsicht Schuldbetreibung und Konkurs seither Rechtsanwalt und Partner in Berner Anwaltskanzlei Lehrbeauftragter an der Universit\u00e4t Luzern (seit 2002) Dozent an der Universit\u00e4t St. Gallen (Zertifikats- \/ Diplomkurs Wirtschaftsrecht f\u00fcr Manager) Mitglied Eidgen\u00f6ssische Kommission f\u00fcr Schuldbetreibung und Konkurs Leitung Forum ZPO\/SchKG Redaktionsmitglied Schweizerische Zeitschrift f\u00fcr Zivilprozess- und Zwangsvollstreckungsrecht (ZZZ) Vorstandsmitglied des Bernischen Anwaltsverbandes.<br>Schweizerischer und Bernischer Anwaltsverband Luzerner Sachwalter-Verband SchKG-Vereinigung<br>Pr\u00e4sident Supportervereinigung FC Muri-G\u00fcmligen<\/p>\n\t\t\t\t\t\t\t<\/div> <!-- .awsm-contact-info -->\n\t\t\t\t\t\t <\/figcaption>\n\t\t\t\t\t  <!-- <\/span> -->\n\t\t\t\t   <\/figure>\n\t\t\t\t<\/div>\n\t\t\t\t\t<\/div><!-- .grid -->\n\t\t<\/div>\n\n","protected":false},"excerpt":{"rendered":"","protected":false},"author":1,"featured_media":0,"parent":3325,"menu_order":0,"comment_status":"closed","ping_status":"closed","template":"","meta":{"ub_ctt_via":"","_coblocks_attr":"","_coblocks_dimensions":"","_coblocks_responsive_height":"","_coblocks_accordion_ie_support":"","footnotes":""},"class_list":["post-2868","page","type-page","status-publish","hentry"],"featured_image_src":null,"_links":{"self":[{"href":"https:\/\/svfv2023-01.in-bearbeitung.ch\/index.php\/wp-json\/wp\/v2\/pages\/2868","targetHints":{"allow":["GET"]}}],"collection":[{"href":"https:\/\/svfv2023-01.in-bearbeitung.ch\/index.php\/wp-json\/wp\/v2\/pages"}],"about":[{"href":"https:\/\/svfv2023-01.in-bearbeitung.ch\/index.php\/wp-json\/wp\/v2\/types\/page"}],"author":[{"embeddable":true,"href":"https:\/\/svfv2023-01.in-bearbeitung.ch\/index.php\/wp-json\/wp\/v2\/users\/1"}],"replies":[{"embeddable":true,"href":"https:\/\/svfv2023-01.in-bearbeitung.ch\/index.php\/wp-json\/wp\/v2\/comments?post=2868"}],"version-history":[{"count":1,"href":"https:\/\/svfv2023-01.in-bearbeitung.ch\/index.php\/wp-json\/wp\/v2\/pages\/2868\/revisions"}],"predecessor-version":[{"id":3323,"href":"https:\/\/svfv2023-01.in-bearbeitung.ch\/index.php\/wp-json\/wp\/v2\/pages\/2868\/revisions\/3323"}],"up":[{"embeddable":true,"href":"https:\/\/svfv2023-01.in-bearbeitung.ch\/index.php\/wp-json\/wp\/v2\/pages\/3325"}],"wp:attachment":[{"href":"https:\/\/svfv2023-01.in-bearbeitung.ch\/index.php\/wp-json\/wp\/v2\/media?parent=2868"}],"curies":[{"name":"wp","href":"https:\/\/api.w.org\/{rel}","templated":true}]}}